{"id":13509,"date":"2026-01-19T11:22:29","date_gmt":"2026-01-19T08:22:29","guid":{"rendered":"https:\/\/www.restarglobal.com\/site-haritasi\/"},"modified":"2026-04-02T20:52:50","modified_gmt":"2026-04-02T17:52:50","slug":"site-haritasi","status":"publish","type":"page","link":"https:\/\/www.restarglobal.com\/tr\/site-haritasi\/","title":{"rendered":"site haritas\u0131"},"content":{"rendered":"<div class=\"fusion-fullwidth fullwidth-box fusion-builder-row-1 fusion-flex-container has-pattern-background has-mask-background nonhundred-percent-fullwidth non-hundred-percent-height-scrolling\" style=\"--awb-border-radius-top-left:0px;--awb-border-radius-top-right:0px;--awb-border-radius-bottom-right:0px;--awb-border-radius-bottom-left:0px;--awb-flex-wrap:wrap;\" ><div class=\"fusion-builder-row fusion-row fusion-flex-align-items-flex-start fusion-flex-content-wrap\" style=\"max-width:1248px;margin-left: calc(-4% \/ 2 );margin-right: calc(-4% \/ 2 );\"><div class=\"fusion-layout-column fusion_builder_column fusion-builder-column-0 fusion_builder_column_1_1 1_1 fusion-flex-column\" style=\"--awb-bg-size:cover;--awb-width-large:100%;--awb-margin-top-large:0px;--awb-spacing-right-large:1.92%;--awb-margin-bottom-large:20px;--awb-spacing-left-large:1.92%;--awb-width-medium:100%;--awb-order-medium:0;--awb-spacing-right-medium:1.92%;--awb-spacing-left-medium:1.92%;--awb-width-small:100%;--awb-order-small:0;--awb-spacing-right-small:1.92%;--awb-spacing-left-small:1.92%;\"><div class=\"fusion-column-wrapper fusion-column-has-shadow fusion-flex-justify-content-flex-start fusion-content-layout-column\"><div class=\"fusion-text fusion-text-1\"><h2>Ana Sayfalar<\/h2>\n<ul>\n<li><a href=\"https:\/\/www.restarglobal.com\/tr\/\">Ana Sayfa<\/a><\/li>\n<li><a href=\"https:\/\/www.restarglobal.com\/tr\/iletisim\/\">\u0130leti\u015fim<\/a><\/li>\n<li><a href=\"https:\/\/www.restarglobal.com\/tr\/teklif-alin\/\">Teklif Al\u0131n<\/a><\/li>\n<\/ul>\n<h2>Hakk\u0131m\u0131zda<\/h2>\n<ul>\n<li><a href=\"https:\/\/www.restarglobal.com\/tr\/restar-hakkinda\/\">Restar Hakk\u0131nda<\/a><\/li>\n<li><a href=\"https:\/\/www.restarglobal.com\/tr\/gelismis-uretim-ve-akilli-uretim\/\">Restar \u0130malat<\/a><\/li>\n<li><a href=\"https:\/\/www.restarglobal.com\/tr\/bir-ilerleme-zaman-cizelgesi\/\">Bir \u0130lerleme Zaman \u00c7izelgesi<\/a><\/li>\n<li><a href=\"https:\/\/www.restarglobal.com\/tr\/restarda-cinsiyet-esitligi-ve-firsat-esitligi\/\">E\u015fitlik &amp; Kapsay\u0131c\u0131l\u0131k<\/a><\/li>\n<\/ul>\n<h2>\u0130\u015f Kollar\u0131<\/h2>\n<h3>SVC \u2013 \u00d6zel Ara\u00e7 D\u00f6n\u00fc\u015f\u00fcmleri<\/h3>\n<ul>\n<li><a href=\"https:\/\/www.restarglobal.com\/tr\/ozel-arac-donusumleri\/\">SVC \u2013 Ara\u00e7 D\u00f6n\u00fc\u015f\u00fcmleri<\/a><\/li>\n<\/ul>\n<h4>Sekt\u00f6re G\u00f6re \u00c7\u00f6z\u00fcmler<\/h4>\n<ul>\n<li><a href=\"https:\/\/www.restarglobal.com\/tr\/saglik-ve-tibbi-arac-donusumleri-svc-restar-global\/\">Sa\u011fl\u0131k &amp; Medikal<\/a><\/li>\n<li><a href=\"https:\/\/www.restarglobal.com\/tr\/egitim-ve-kultur-arac-donusumleri-svc-restar-global\/\">E\u011fitim &amp; K\u00fclt\u00fcr<\/a><\/li>\n<li><a href=\"https:\/\/www.restarglobal.com\/tr\/savunma-guvenlik-ve-hukuki-arac-donusumleri-svc-restar-global\/\">Savunma, G\u00fcvenlik &amp; Hukuk<\/a><\/li>\n<li><a href=\"https:\/\/www.restarglobal.com\/tr\/ticaret-ve-is-araci-cozumleri-svc-restar-global-kopyalandi\/\">Ticaret ve \u0130\u015f D\u00fcnyas\u0131<\/a><\/li>\n<li><a href=\"https:\/\/www.restarglobal.com\/tr\/kamu-hizmeti-arac-donusumleri-svc-restar-global\/\">Kamu Hizmeti Ara\u00e7 D\u00f6n\u00fc\u015f\u00fcmleri<\/a><\/li>\n<li><a href=\"https:\/\/www.restarglobal.com\/tr\/ulasim-ve-vip-arac-donusumleri-svc-restar-global-kopyalandi\/\">Ula\u015f\u0131m ve VIP Ara\u00e7 D\u00f6n\u00fc\u015f\u00fcmleri<\/a><\/li>\n<li><a href=\"https:\/\/www.restarglobal.com\/tr\/romork-cozumleri-ve-mobil-uniteler-restar-svc-ozel-arac-donusumleri\/\">R\u00f6mork \u00c7\u00f6z\u00fcmleri ve Konteyner D\u00f6n\u00fc\u015f\u00fcmleri<\/a><\/li>\n<li><a href=\"https:\/\/www.restarglobal.com\/tr\/erisilebilir-ve-yasli-arac-donusumleri-restar-svc-ozel-arac-donusumleri-2\/\">Eri\u015filebilir ve Ya\u015fl\u0131 Ara\u00e7 D\u00f6n\u00fc\u015f\u00fcmleri<\/a><\/li>\n<li><a href=\"https:\/\/www.restarglobal.com\/tr\/erisilebilir-ve-yasli-arac-donusumleri-restar-svc-ozel-arac-donusumleri\/\">Hayvan ve Evcil Hayvan Mobilite \u00c7\u00f6z\u00fcmleri<\/a><\/li>\n<\/ul>\n<ul>\n<li><a href=\"https:\/\/www.restarglobal.com\/tr\/hotomobil-hakkinda\/\">Hotomobil \u2013 Mobil Ya\u015fam \u00c7\u00f6z\u00fcmleri<\/a><\/li>\n<li><a href=\"https:\/\/www.restarglobal.com\/tr\/retechgenius\/\">Retech \u2013 Proje &amp; Tasar\u0131m \u00c7\u00f6z\u00fcmleri<\/a><\/li>\n<\/ul>\n<h2>Sertifikalar &amp; Kaynaklar<\/h2>\n<ul>\n<li><a href=\"https:\/\/www.restarglobal.com\/tr\/ford-pro-donusturucu-programi-restar-svc-resmi-sertifikasyonu\/\">Ford Pro\u2122 D\u00f6n\u00fc\u015ft\u00fcr\u00fcc\u00fc<\/a><\/li>\n<\/ul>\n<\/div><\/div><\/div><\/div><\/div>\n","protected":false},"excerpt":{"rendered":"","protected":false},"author":2,"featured_media":0,"parent":0,"menu_order":0,"comment_status":"closed","ping_status":"closed","template":"100-width.php","meta":{"footnotes":""},"class_list":["post-13509","page","type-page","status-publish","hentry"],"yoast_head":"<!-- This site is optimized with the Yoast SEO Premium plugin v27.4 (Yoast SEO v27.4) - https:\/\/yoast.com\/product\/yoast-seo-premium-wordpress\/ -->\n<title>Site Haritas\u0131 | Restar \u2013 Mobil Ya\u015fam &amp; Proje \u00c7\u00f6z\u00fcmleri - Restar; Mobile Living &amp; Project Solutions<\/title>\n<meta name=\"description\" content=\"Restar site haritas\u0131. T\u00fcm \u015firket sayfalar\u0131n\u0131, i\u015f kollar\u0131n\u0131, ara\u00e7 d\u00f6n\u00fc\u015f\u00fcm \u00e7\u00f6z\u00fcmlerini ve proje hizmetlerini yap\u0131land\u0131r\u0131lm\u0131\u015f bir genel bak\u0131\u015fta bulunuz.\" \/>\n<meta name=\"robots\" content=\"index, follow, max-snippet:-1, max-image-preview:large, max-video-preview:-1\" \/>\n<link rel=\"canonical\" href=\"https:\/\/www.restarglobal.com\/tr\/site-haritasi\/\" \/>\n<meta property=\"og:locale\" content=\"tr_TR\" \/>\n<meta property=\"og:type\" content=\"article\" \/>\n<meta property=\"og:title\" content=\"site haritas\u0131\" \/>\n<meta property=\"og:description\" content=\"Restar site haritas\u0131. T\u00fcm \u015firket sayfalar\u0131n\u0131, i\u015f kollar\u0131n\u0131, ara\u00e7 d\u00f6n\u00fc\u015f\u00fcm \u00e7\u00f6z\u00fcmlerini ve proje hizmetlerini yap\u0131land\u0131r\u0131lm\u0131\u015f bir genel bak\u0131\u015fta bulunuz.\" \/>\n<meta property=\"og:url\" content=\"https:\/\/www.restarglobal.com\/tr\/site-haritasi\/\" \/>\n<meta property=\"og:site_name\" content=\"Restar; Mobile Living &amp; Project Solutions\" \/>\n<meta property=\"article:publisher\" content=\"https:\/\/www.facebook.com\/restarglobal\" \/>\n<meta property=\"article:modified_time\" content=\"2026-04-02T17:52:50+00:00\" \/>\n<meta name=\"twitter:card\" content=\"summary_large_image\" \/>\n<meta name=\"twitter:label1\" content=\"Tahmini okuma s\u00fcresi\" \/>\n\t<meta name=\"twitter:data1\" content=\"4 dakika\" \/>\n<script type=\"application\/ld+json\" class=\"yoast-schema-graph\">{\"@context\":\"https:\\\/\\\/schema.org\",\"@graph\":[{\"@type\":\"WebPage\",\"@id\":\"https:\\\/\\\/www.restarglobal.com\\\/tr\\\/site-haritasi\\\/\",\"url\":\"https:\\\/\\\/www.restarglobal.com\\\/tr\\\/site-haritasi\\\/\",\"name\":\"Site Haritas\u0131 | Restar \u2013 Mobil Ya\u015fam & Proje \u00c7\u00f6z\u00fcmleri - Restar; Mobile Living &amp; Project Solutions\",\"isPartOf\":{\"@id\":\"https:\\\/\\\/www.restarglobal.com\\\/tr\\\/#website\"},\"datePublished\":\"2026-01-19T08:22:29+00:00\",\"dateModified\":\"2026-04-02T17:52:50+00:00\",\"description\":\"Restar site haritas\u0131. T\u00fcm \u015firket sayfalar\u0131n\u0131, i\u015f kollar\u0131n\u0131, ara\u00e7 d\u00f6n\u00fc\u015f\u00fcm \u00e7\u00f6z\u00fcmlerini ve proje hizmetlerini yap\u0131land\u0131r\u0131lm\u0131\u015f bir genel bak\u0131\u015fta bulunuz.\",\"breadcrumb\":{\"@id\":\"https:\\\/\\\/www.restarglobal.com\\\/tr\\\/site-haritasi\\\/#breadcrumb\"},\"inLanguage\":\"tr\",\"potentialAction\":[{\"@type\":\"ReadAction\",\"target\":[\"https:\\\/\\\/www.restarglobal.com\\\/tr\\\/site-haritasi\\\/\"]}]},{\"@type\":\"BreadcrumbList\",\"@id\":\"https:\\\/\\\/www.restarglobal.com\\\/tr\\\/site-haritasi\\\/#breadcrumb\",\"itemListElement\":[{\"@type\":\"ListItem\",\"position\":1,\"name\":\"Home\",\"item\":\"https:\\\/\\\/www.restarglobal.com\\\/tr\\\/\"},{\"@type\":\"ListItem\",\"position\":2,\"name\":\"site haritas\u0131\"}]},{\"@type\":\"WebSite\",\"@id\":\"https:\\\/\\\/www.restarglobal.com\\\/tr\\\/#website\",\"url\":\"https:\\\/\\\/www.restarglobal.com\\\/tr\\\/\",\"name\":\"Restar Global\",\"description\":\"Driving Innovation, Elevating Mobility\",\"publisher\":{\"@id\":\"https:\\\/\\\/www.restarglobal.com\\\/tr\\\/#organization\"},\"alternateName\":\"Restar Global | Mobile Living & Design & Project Solutions\",\"potentialAction\":[{\"@type\":\"SearchAction\",\"target\":{\"@type\":\"EntryPoint\",\"urlTemplate\":\"https:\\\/\\\/www.restarglobal.com\\\/tr\\\/?s={search_term_string}\"},\"query-input\":{\"@type\":\"PropertyValueSpecification\",\"valueRequired\":true,\"valueName\":\"search_term_string\"}}],\"inLanguage\":\"tr\"},{\"@type\":\"Organization\",\"@id\":\"https:\\\/\\\/www.restarglobal.com\\\/tr\\\/#organization\",\"name\":\"Restar Global | Mobile Living & Design & Project Solutions\",\"alternateName\":\"Restar Automotive\",\"url\":\"https:\\\/\\\/www.restarglobal.com\\\/tr\\\/\",\"logo\":{\"@type\":\"ImageObject\",\"inLanguage\":\"tr\",\"@id\":\"https:\\\/\\\/www.restarglobal.com\\\/tr\\\/#\\\/schema\\\/logo\\\/image\\\/\",\"url\":\"https:\\\/\\\/i0.wp.com\\\/www.restarglobal.com\\\/wp-content\\\/uploads\\\/2024\\\/08\\\/RestarLogo2.png?fit=591%2C134&ssl=1\",\"contentUrl\":\"https:\\\/\\\/i0.wp.com\\\/www.restarglobal.com\\\/wp-content\\\/uploads\\\/2024\\\/08\\\/RestarLogo2.png?fit=591%2C134&ssl=1\",\"width\":591,\"height\":134,\"caption\":\"Restar Global | Mobile Living & Design & Project Solutions\"},\"image\":{\"@id\":\"https:\\\/\\\/www.restarglobal.com\\\/tr\\\/#\\\/schema\\\/logo\\\/image\\\/\"},\"sameAs\":[\"https:\\\/\\\/www.facebook.com\\\/restarglobal\",\"https:\\\/\\\/www.instagram.com\\\/restarglobal\",\"https:\\\/\\\/www.linkedin.com\\\/company\\\/restarglobal\\\/\"]}]}<\/script>\n<!-- \/ Yoast SEO Premium plugin. -->","yoast_head_json":{"title":"Site Haritas\u0131 | Restar \u2013 Mobil Ya\u015fam & Proje \u00c7\u00f6z\u00fcmleri - Restar; Mobile Living &amp; Project Solutions","description":"Restar site haritas\u0131. T\u00fcm \u015firket sayfalar\u0131n\u0131, i\u015f kollar\u0131n\u0131, ara\u00e7 d\u00f6n\u00fc\u015f\u00fcm \u00e7\u00f6z\u00fcmlerini ve proje hizmetlerini yap\u0131land\u0131r\u0131lm\u0131\u015f bir genel bak\u0131\u015fta bulunuz.","robots":{"index":"index","follow":"follow","max-snippet":"max-snippet:-1","max-image-preview":"max-image-preview:large","max-video-preview":"max-video-preview:-1"},"canonical":"https:\/\/www.restarglobal.com\/tr\/site-haritasi\/","og_locale":"tr_TR","og_type":"article","og_title":"site haritas\u0131","og_description":"Restar site haritas\u0131. T\u00fcm \u015firket sayfalar\u0131n\u0131, i\u015f kollar\u0131n\u0131, ara\u00e7 d\u00f6n\u00fc\u015f\u00fcm \u00e7\u00f6z\u00fcmlerini ve proje hizmetlerini yap\u0131land\u0131r\u0131lm\u0131\u015f bir genel bak\u0131\u015fta bulunuz.","og_url":"https:\/\/www.restarglobal.com\/tr\/site-haritasi\/","og_site_name":"Restar; Mobile Living &amp; Project Solutions","article_publisher":"https:\/\/www.facebook.com\/restarglobal","article_modified_time":"2026-04-02T17:52:50+00:00","twitter_card":"summary_large_image","twitter_misc":{"Tahmini okuma s\u00fcresi":"4 dakika"},"schema":{"@context":"https:\/\/schema.org","@graph":[{"@type":"WebPage","@id":"https:\/\/www.restarglobal.com\/tr\/site-haritasi\/","url":"https:\/\/www.restarglobal.com\/tr\/site-haritasi\/","name":"Site Haritas\u0131 | Restar \u2013 Mobil Ya\u015fam & Proje \u00c7\u00f6z\u00fcmleri - Restar; Mobile Living &amp; Project Solutions","isPartOf":{"@id":"https:\/\/www.restarglobal.com\/tr\/#website"},"datePublished":"2026-01-19T08:22:29+00:00","dateModified":"2026-04-02T17:52:50+00:00","description":"Restar site haritas\u0131. T\u00fcm \u015firket sayfalar\u0131n\u0131, i\u015f kollar\u0131n\u0131, ara\u00e7 d\u00f6n\u00fc\u015f\u00fcm \u00e7\u00f6z\u00fcmlerini ve proje hizmetlerini yap\u0131land\u0131r\u0131lm\u0131\u015f bir genel bak\u0131\u015fta bulunuz.","breadcrumb":{"@id":"https:\/\/www.restarglobal.com\/tr\/site-haritasi\/#breadcrumb"},"inLanguage":"tr","potentialAction":[{"@type":"ReadAction","target":["https:\/\/www.restarglobal.com\/tr\/site-haritasi\/"]}]},{"@type":"BreadcrumbList","@id":"https:\/\/www.restarglobal.com\/tr\/site-haritasi\/#breadcrumb","itemListElement":[{"@type":"ListItem","position":1,"name":"Home","item":"https:\/\/www.restarglobal.com\/tr\/"},{"@type":"ListItem","position":2,"name":"site haritas\u0131"}]},{"@type":"WebSite","@id":"https:\/\/www.restarglobal.com\/tr\/#website","url":"https:\/\/www.restarglobal.com\/tr\/","name":"Restar Global","description":"Driving Innovation, Elevating Mobility","publisher":{"@id":"https:\/\/www.restarglobal.com\/tr\/#organization"},"alternateName":"Restar Global | Mobile Living & Design & Project Solutions","potentialAction":[{"@type":"SearchAction","target":{"@type":"EntryPoint","urlTemplate":"https:\/\/www.restarglobal.com\/tr\/?s={search_term_string}"},"query-input":{"@type":"PropertyValueSpecification","valueRequired":true,"valueName":"search_term_string"}}],"inLanguage":"tr"},{"@type":"Organization","@id":"https:\/\/www.restarglobal.com\/tr\/#organization","name":"Restar Global | Mobile Living & Design & Project Solutions","alternateName":"Restar Automotive","url":"https:\/\/www.restarglobal.com\/tr\/","logo":{"@type":"ImageObject","inLanguage":"tr","@id":"https:\/\/www.restarglobal.com\/tr\/#\/schema\/logo\/image\/","url":"https:\/\/i0.wp.com\/www.restarglobal.com\/wp-content\/uploads\/2024\/08\/RestarLogo2.png?fit=591%2C134&ssl=1","contentUrl":"https:\/\/i0.wp.com\/www.restarglobal.com\/wp-content\/uploads\/2024\/08\/RestarLogo2.png?fit=591%2C134&ssl=1","width":591,"height":134,"caption":"Restar Global | Mobile Living & Design & Project Solutions"},"image":{"@id":"https:\/\/www.restarglobal.com\/tr\/#\/schema\/logo\/image\/"},"sameAs":["https:\/\/www.facebook.com\/restarglobal","https:\/\/www.instagram.com\/restarglobal","https:\/\/www.linkedin.com\/company\/restarglobal\/"]}]}},"jetpack_sharing_enabled":true,"_links":{"self":[{"href":"https:\/\/www.restarglobal.com\/tr\/wp-json\/wp\/v2\/pages\/13509","targetHints":{"allow":["GET"]}}],"collection":[{"href":"https:\/\/www.restarglobal.com\/tr\/wp-json\/wp\/v2\/pages"}],"about":[{"href":"https:\/\/www.restarglobal.com\/tr\/wp-json\/wp\/v2\/types\/page"}],"author":[{"embeddable":true,"href":"https:\/\/www.restarglobal.com\/tr\/wp-json\/wp\/v2\/users\/2"}],"replies":[{"embeddable":true,"href":"https:\/\/www.restarglobal.com\/tr\/wp-json\/wp\/v2\/comments?post=13509"}],"version-history":[{"count":4,"href":"https:\/\/www.restarglobal.com\/tr\/wp-json\/wp\/v2\/pages\/13509\/revisions"}],"predecessor-version":[{"id":13977,"href":"https:\/\/www.restarglobal.com\/tr\/wp-json\/wp\/v2\/pages\/13509\/revisions\/13977"}],"wp:attachment":[{"href":"https:\/\/www.restarglobal.com\/tr\/wp-json\/wp\/v2\/media?parent=13509"}],"curies":[{"name":"wp","href":"https:\/\/api.w.org\/{rel}","templated":true}]}}