{"id":10370,"date":"2023-04-14T16:09:36","date_gmt":"2023-04-14T13:09:36","guid":{"rendered":"https:\/\/www.restarglobal.com\/iletisim\/"},"modified":"2026-02-25T14:02:53","modified_gmt":"2026-02-25T11:02:53","slug":"iletisim","status":"publish","type":"page","link":"https:\/\/www.restarglobal.com\/tr\/iletisim\/","title":{"rendered":"\u0130leti\u015fim"},"content":{"rendered":"<div class=\"fusion-fullwidth fullwidth-box fusion-builder-row-1 fusion-flex-container has-pattern-background has-mask-background nonhundred-percent-fullwidth non-hundred-percent-height-scrolling\" style=\"--awb-border-radius-top-left:0px;--awb-border-radius-top-right:0px;--awb-border-radius-bottom-right:0px;--awb-border-radius-bottom-left:0px;--awb-padding-top:30px;--awb-padding-bottom:120px;--awb-padding-top-medium:80px;--awb-padding-bottom-medium:80px;--awb-padding-bottom-small:80px;--awb-background-color:var(--awb-color3);--awb-flex-wrap:wrap;\" ><div class=\"fusion-builder-row fusion-row fusion-flex-align-items-flex-start fusion-flex-justify-content-center fusion-flex-content-wrap\" style=\"max-width:calc( 1200px + 90px );margin-left: calc(-90px \/ 2 );margin-right: calc(-90px \/ 2 );\"><div class=\"fusion-layout-column fusion_builder_column fusion-builder-column-0 fusion_builder_column_1_1 1_1 fusion-flex-column\" style=\"--awb-bg-size:cover;--awb-width-large:100%;--awb-margin-top-large:20px;--awb-spacing-right-large:45px;--awb-margin-bottom-large:20px;--awb-spacing-left-large:45px;--awb-width-medium:100%;--awb-order-medium:0;--awb-spacing-right-medium:45px;--awb-spacing-left-medium:45px;--awb-width-small:100%;--awb-order-small:0;--awb-spacing-right-small:45px;--awb-spacing-left-small:45px;\"><div class=\"fusion-column-wrapper fusion-column-has-shadow fusion-flex-justify-content-flex-start fusion-content-layout-column\"><div class=\"fusion-separator fusion-full-width-sep\" style=\"align-self: center;margin-left: auto;margin-right: auto;margin-top:15px;margin-bottom:30px;width:100%;\"><div class=\"fusion-separator-border sep-shadow\" style=\"--awb-height:20px;--awb-amount:20px;background:radial-gradient(ellipse at 50% -50% , var(--awb-color3) 0px, rgba(255, 255, 255, 0) 80%) repeat scroll 0 0 rgba(0, 0, 0, 0);background:-webkit-radial-gradient(ellipse at 50% -50% , var(--awb-color3) 0px, rgba(255, 255, 255, 0) 80%) repeat scroll 0 0 rgba(0, 0, 0, 0);background:-moz-radial-gradient(ellipse at 50% -50% , var(--awb-color3) 0px, rgba(255, 255, 255, 0) 80%) repeat scroll 0 0 rgba(0, 0, 0, 0);background:-o-radial-gradient(ellipse at 50% -50% , var(--awb-color3) 0px, rgba(255, 255, 255, 0) 80%) repeat scroll 0 0 rgba(0, 0, 0, 0);\"><\/div><\/div><\/div><\/div><div class=\"fusion-layout-column fusion_builder_column fusion-builder-column-1 fusion_builder_column_3_5 3_5 fusion-flex-column fusion-animated\" style=\"--awb-bg-size:cover;--awb-width-large:60%;--awb-margin-top-large:15px;--awb-spacing-right-large:45px;--awb-margin-bottom-large:0px;--awb-spacing-left-large:45px;--awb-width-medium:60%;--awb-order-medium:0;--awb-spacing-right-medium:45px;--awb-spacing-left-medium:45px;--awb-width-small:100%;--awb-order-small:0;--awb-spacing-right-small:45px;--awb-margin-bottom-small:20px;--awb-spacing-left-small:45px;\" data-animationType=\"fadeInUp\" data-animationDuration=\"1.3\" data-animationOffset=\"top-into-view\"><div class=\"fusion-column-wrapper fusion-column-has-shadow fusion-flex-justify-content-flex-start fusion-content-layout-column\"><div class=\"fusion-text fusion-text-1\"><p>Size yard\u0131mc\u0131 olmak i\u00e7in buraday\u0131z! Sorular\u0131n\u0131z varsa, deste\u011fe ihtiyac\u0131n\u0131z varsa veya bizimle ortakl\u0131k kurmakla ilgileniyorsan\u0131z, l\u00fctfen bizimle ileti\u015fime ge\u00e7mekten \u00e7ekinmeyiniz. <\/p>\n<p>Ekibimiz, ihtiya\u00e7 duyabilece\u011finiz her t\u00fcrl\u00fc soru veya bilgi i\u00e7in size yard\u0131mc\u0131 olmaya haz\u0131rd\u0131r.<\/p>\n<\/div><div class=\"fusion-separator fusion-full-width-sep\" style=\"align-self: center;margin-left: auto;margin-right: auto;margin-top:15px;margin-bottom:15px;width:100%;\"><div class=\"fusion-separator-border sep-single sep-solid\" style=\"--awb-height:20px;--awb-amount:20px;--awb-sep-color:var(--awb-color2);border-color:var(--awb-color2);border-top-width:1px;\"><\/div><\/div><div class=\"fusion-text fusion-text-2 fusion-text-no-margin\" style=\"--awb-margin-top:20px;--awb-margin-right:10%;--awb-margin-bottom:30px;\"><p><b>Ana Fabrika Adresi:  <\/b><\/p>\n<p>Gebze OSB (Gebze Organize Sanayi B\u00f6lgesi), 1400.Sok. No:1404 <br \/>Gebze \u2013 Kocaeli, T\u00fcrkiye <\/p>\n<p><i class=\"fb-icon-element-1 fb-icon-element fontawesome-icon fa-phone-alt fas circle-no fusion-text-flow icon-hover-animation-pulsate\" style=\"--awb-iconcolor:var(--awb-color7);--awb-font-size:18px;--awb-margin-right:9px;\"><\/i> +90 262 255 50 08<\/p>\n<p><b>Almanya \u2013 Hotomobil<\/b><\/p>\n<p>Grafenberger Allee 293, 40237 \u2013 <span style=\"color: var(--awb-text-color); font-family: var(--awb-text-font-family); font-size: var(--awb-font-size); font-style: var(--awb-text-font-style); font-weight: var(--awb-text-font-weight); letter-spacing: var(--awb-letter-spacing); text-align: var(--awb-content-alignment); text-transform: var(--awb-text-transform); background-color: var(--awb-bg-color-hover);\">D\u00fcsseldorf, Almanya<\/span><\/p>\n<p><span style=\"color: var(--awb-text-color); font-family: var(--awb-text-font-family); font-size: var(--awb-font-size); font-style: var(--awb-text-font-style); font-weight: var(--awb-text-font-weight); letter-spacing: var(--awb-letter-spacing); text-align: var(--awb-content-alignment); text-transform: var(--awb-text-transform); background-color: var(--awb-bg-color-hover);\"> <i class=\"fb-icon-element-2 fb-icon-element fontawesome-icon fa-phone-alt fas circle-no fusion-text-flow icon-hover-animation-pulsate\" style=\"--awb-iconcolor:var(--awb-color7);--awb-font-size:18px;--awb-margin-right:9px;\"><\/i> <\/span><span style=\"color: var(--awb-text-color); font-family: var(--awb-text-font-family); font-size: var(--awb-font-size); font-style: var(--awb-text-font-style); font-weight: var(--awb-text-font-weight); letter-spacing: var(--awb-letter-spacing); text-align: var(--awb-content-alignment); text-transform: var(--awb-text-transform); background-color: var(--awb-bg-color-hover);\">+49 211 94624034<\/span><\/p>\n<p><span style=\"color: var(--awb-text-color); font-family: var(--awb-text-font-family); font-size: var(--awb-font-size); font-style: var(--awb-text-font-style); font-weight: var(--awb-text-font-weight); letter-spacing: var(--awb-letter-spacing); text-align: var(--awb-content-alignment); text-transform: var(--awb-text-transform); background-color: var(--awb-bg-color-hover);\">E-posta \u2013 <\/span><span style=\"letter-spacing: 0.24px; background-color: rgba(0, 0, 0, 0);\"><a href=\"mailto:info@restar.com.tr\">info@restar.com.tr<\/a><\/span><\/p>\n<\/div><\/div><\/div><\/div><\/div>\n","protected":false},"excerpt":{"rendered":"","protected":false},"author":1,"featured_media":0,"parent":0,"menu_order":0,"comment_status":"closed","ping_status":"closed","template":"100-width.php","meta":{"footnotes":""},"class_list":["post-10370","page","type-page","status-publish","hentry"],"yoast_head":"<!-- This site is optimized with the Yoast SEO Premium plugin v27.4 (Yoast SEO v27.4) - https:\/\/yoast.com\/product\/yoast-seo-premium-wordpress\/ -->\n<title>\u0130leti\u015fim - Restar; Mobile Living &amp; Project Solutions<\/title>\n<meta name=\"robots\" content=\"index, follow, max-snippet:-1, max-image-preview:large, max-video-preview:-1\" \/>\n<link rel=\"canonical\" href=\"https:\/\/www.restarglobal.com\/tr\/iletisim\/\" \/>\n<meta property=\"og:locale\" content=\"tr_TR\" \/>\n<meta property=\"og:type\" content=\"article\" \/>\n<meta property=\"og:title\" content=\"\u0130leti\u015fim\" \/>\n<meta property=\"og:url\" content=\"https:\/\/www.restarglobal.com\/tr\/iletisim\/\" \/>\n<meta property=\"og:site_name\" content=\"Restar; Mobile Living &amp; Project Solutions\" \/>\n<meta property=\"article:publisher\" content=\"https:\/\/www.facebook.com\/restarglobal\" \/>\n<meta property=\"article:modified_time\" content=\"2026-02-25T11:02:53+00:00\" \/>\n<meta name=\"twitter:card\" content=\"summary_large_image\" \/>\n<meta name=\"twitter:label1\" content=\"Tahmini okuma s\u00fcresi\" \/>\n\t<meta name=\"twitter:data1\" content=\"5 dakika\" \/>\n<script type=\"application\/ld+json\" class=\"yoast-schema-graph\">{\"@context\":\"https:\\\/\\\/schema.org\",\"@graph\":[{\"@type\":\"WebPage\",\"@id\":\"https:\\\/\\\/www.restarglobal.com\\\/tr\\\/iletisim\\\/\",\"url\":\"https:\\\/\\\/www.restarglobal.com\\\/tr\\\/iletisim\\\/\",\"name\":\"\u0130leti\u015fim - Restar; Mobile Living &amp; Project Solutions\",\"isPartOf\":{\"@id\":\"https:\\\/\\\/www.restarglobal.com\\\/tr\\\/#website\"},\"datePublished\":\"2023-04-14T13:09:36+00:00\",\"dateModified\":\"2026-02-25T11:02:53+00:00\",\"breadcrumb\":{\"@id\":\"https:\\\/\\\/www.restarglobal.com\\\/tr\\\/iletisim\\\/#breadcrumb\"},\"inLanguage\":\"tr\",\"potentialAction\":[{\"@type\":\"ReadAction\",\"target\":[\"https:\\\/\\\/www.restarglobal.com\\\/tr\\\/iletisim\\\/\"]}]},{\"@type\":\"BreadcrumbList\",\"@id\":\"https:\\\/\\\/www.restarglobal.com\\\/tr\\\/iletisim\\\/#breadcrumb\",\"itemListElement\":[{\"@type\":\"ListItem\",\"position\":1,\"name\":\"Home\",\"item\":\"https:\\\/\\\/www.restarglobal.com\\\/tr\\\/\"},{\"@type\":\"ListItem\",\"position\":2,\"name\":\"\u0130leti\u015fim\"}]},{\"@type\":\"WebSite\",\"@id\":\"https:\\\/\\\/www.restarglobal.com\\\/tr\\\/#website\",\"url\":\"https:\\\/\\\/www.restarglobal.com\\\/tr\\\/\",\"name\":\"Restar Global\",\"description\":\"Driving Innovation, Elevating Mobility\",\"publisher\":{\"@id\":\"https:\\\/\\\/www.restarglobal.com\\\/tr\\\/#organization\"},\"alternateName\":\"Restar Global | Mobile Living & Design & Project Solutions\",\"potentialAction\":[{\"@type\":\"SearchAction\",\"target\":{\"@type\":\"EntryPoint\",\"urlTemplate\":\"https:\\\/\\\/www.restarglobal.com\\\/tr\\\/?s={search_term_string}\"},\"query-input\":{\"@type\":\"PropertyValueSpecification\",\"valueRequired\":true,\"valueName\":\"search_term_string\"}}],\"inLanguage\":\"tr\"},{\"@type\":\"Organization\",\"@id\":\"https:\\\/\\\/www.restarglobal.com\\\/tr\\\/#organization\",\"name\":\"Restar Global | Mobile Living & Design & Project Solutions\",\"alternateName\":\"Restar Automotive\",\"url\":\"https:\\\/\\\/www.restarglobal.com\\\/tr\\\/\",\"logo\":{\"@type\":\"ImageObject\",\"inLanguage\":\"tr\",\"@id\":\"https:\\\/\\\/www.restarglobal.com\\\/tr\\\/#\\\/schema\\\/logo\\\/image\\\/\",\"url\":\"https:\\\/\\\/i0.wp.com\\\/www.restarglobal.com\\\/wp-content\\\/uploads\\\/2024\\\/08\\\/RestarLogo2.png?fit=591%2C134&ssl=1\",\"contentUrl\":\"https:\\\/\\\/i0.wp.com\\\/www.restarglobal.com\\\/wp-content\\\/uploads\\\/2024\\\/08\\\/RestarLogo2.png?fit=591%2C134&ssl=1\",\"width\":591,\"height\":134,\"caption\":\"Restar Global | Mobile Living & Design & Project Solutions\"},\"image\":{\"@id\":\"https:\\\/\\\/www.restarglobal.com\\\/tr\\\/#\\\/schema\\\/logo\\\/image\\\/\"},\"sameAs\":[\"https:\\\/\\\/www.facebook.com\\\/restarglobal\",\"https:\\\/\\\/www.instagram.com\\\/restarglobal\",\"https:\\\/\\\/www.linkedin.com\\\/company\\\/restarglobal\\\/\"]}]}<\/script>\n<!-- \/ Yoast SEO Premium plugin. -->","yoast_head_json":{"title":"\u0130leti\u015fim - Restar; Mobile Living &amp; Project Solutions","robots":{"index":"index","follow":"follow","max-snippet":"max-snippet:-1","max-image-preview":"max-image-preview:large","max-video-preview":"max-video-preview:-1"},"canonical":"https:\/\/www.restarglobal.com\/tr\/iletisim\/","og_locale":"tr_TR","og_type":"article","og_title":"\u0130leti\u015fim","og_url":"https:\/\/www.restarglobal.com\/tr\/iletisim\/","og_site_name":"Restar; Mobile Living &amp; Project Solutions","article_publisher":"https:\/\/www.facebook.com\/restarglobal","article_modified_time":"2026-02-25T11:02:53+00:00","twitter_card":"summary_large_image","twitter_misc":{"Tahmini okuma s\u00fcresi":"5 dakika"},"schema":{"@context":"https:\/\/schema.org","@graph":[{"@type":"WebPage","@id":"https:\/\/www.restarglobal.com\/tr\/iletisim\/","url":"https:\/\/www.restarglobal.com\/tr\/iletisim\/","name":"\u0130leti\u015fim - Restar; Mobile Living &amp; Project Solutions","isPartOf":{"@id":"https:\/\/www.restarglobal.com\/tr\/#website"},"datePublished":"2023-04-14T13:09:36+00:00","dateModified":"2026-02-25T11:02:53+00:00","breadcrumb":{"@id":"https:\/\/www.restarglobal.com\/tr\/iletisim\/#breadcrumb"},"inLanguage":"tr","potentialAction":[{"@type":"ReadAction","target":["https:\/\/www.restarglobal.com\/tr\/iletisim\/"]}]},{"@type":"BreadcrumbList","@id":"https:\/\/www.restarglobal.com\/tr\/iletisim\/#breadcrumb","itemListElement":[{"@type":"ListItem","position":1,"name":"Home","item":"https:\/\/www.restarglobal.com\/tr\/"},{"@type":"ListItem","position":2,"name":"\u0130leti\u015fim"}]},{"@type":"WebSite","@id":"https:\/\/www.restarglobal.com\/tr\/#website","url":"https:\/\/www.restarglobal.com\/tr\/","name":"Restar Global","description":"Driving Innovation, Elevating Mobility","publisher":{"@id":"https:\/\/www.restarglobal.com\/tr\/#organization"},"alternateName":"Restar Global | Mobile Living & Design & Project Solutions","potentialAction":[{"@type":"SearchAction","target":{"@type":"EntryPoint","urlTemplate":"https:\/\/www.restarglobal.com\/tr\/?s={search_term_string}"},"query-input":{"@type":"PropertyValueSpecification","valueRequired":true,"valueName":"search_term_string"}}],"inLanguage":"tr"},{"@type":"Organization","@id":"https:\/\/www.restarglobal.com\/tr\/#organization","name":"Restar Global | Mobile Living & Design & Project Solutions","alternateName":"Restar Automotive","url":"https:\/\/www.restarglobal.com\/tr\/","logo":{"@type":"ImageObject","inLanguage":"tr","@id":"https:\/\/www.restarglobal.com\/tr\/#\/schema\/logo\/image\/","url":"https:\/\/i0.wp.com\/www.restarglobal.com\/wp-content\/uploads\/2024\/08\/RestarLogo2.png?fit=591%2C134&ssl=1","contentUrl":"https:\/\/i0.wp.com\/www.restarglobal.com\/wp-content\/uploads\/2024\/08\/RestarLogo2.png?fit=591%2C134&ssl=1","width":591,"height":134,"caption":"Restar Global | Mobile Living & Design & Project Solutions"},"image":{"@id":"https:\/\/www.restarglobal.com\/tr\/#\/schema\/logo\/image\/"},"sameAs":["https:\/\/www.facebook.com\/restarglobal","https:\/\/www.instagram.com\/restarglobal","https:\/\/www.linkedin.com\/company\/restarglobal\/"]}]}},"jetpack_sharing_enabled":true,"_links":{"self":[{"href":"https:\/\/www.restarglobal.com\/tr\/wp-json\/wp\/v2\/pages\/10370","targetHints":{"allow":["GET"]}}],"collection":[{"href":"https:\/\/www.restarglobal.com\/tr\/wp-json\/wp\/v2\/pages"}],"about":[{"href":"https:\/\/www.restarglobal.com\/tr\/wp-json\/wp\/v2\/types\/page"}],"author":[{"embeddable":true,"href":"https:\/\/www.restarglobal.com\/tr\/wp-json\/wp\/v2\/users\/1"}],"replies":[{"embeddable":true,"href":"https:\/\/www.restarglobal.com\/tr\/wp-json\/wp\/v2\/comments?post=10370"}],"version-history":[{"count":18,"href":"https:\/\/www.restarglobal.com\/tr\/wp-json\/wp\/v2\/pages\/10370\/revisions"}],"predecessor-version":[{"id":13953,"href":"https:\/\/www.restarglobal.com\/tr\/wp-json\/wp\/v2\/pages\/10370\/revisions\/13953"}],"wp:attachment":[{"href":"https:\/\/www.restarglobal.com\/tr\/wp-json\/wp\/v2\/media?parent=10370"}],"curies":[{"name":"wp","href":"https:\/\/api.w.org\/{rel}","templated":true}]}}